{"id":7,"date":"2018-07-09T13:32:22","date_gmt":"2018-07-09T11:32:22","guid":{"rendered":"https:\/\/www.sc-bernstein.de\/?page_id=7"},"modified":"2025-10-14T15:46:28","modified_gmt":"2025-10-14T13:46:28","slug":"startseite","status":"publish","type":"page","link":"https:\/\/www.sc-bernstein.de\/","title":{"rendered":"Startseite"},"content":{"rendered":"<h1 style=\"text-align: center;\">Fett Noi!<\/h1>\n<p style=\"text-align: center;\">Der Sport Club Bernstein e.V. hei\u00dft Dich in seinen digitalen vier W\u00e4nden willkommen.<br \/>\nWir sind ein in Sandhausen ans\u00e4ssiger Sportverein, der sich auf die F\u00f6rderung und Unterst\u00fctzung des Breitensports konzentriert.<br \/>\nBei allem sportlichen Ehrgeiz steht das Vereinsgef\u00fchl bei uns an erster Stelle.<\/p>\n<p style=\"text-align: center;\">Neuigkeiten rund um den Verein gibt es nat\u00fcrlich regelm\u00e4\u00dfig auf <a href=\"https:\/\/www.instagram.com\/scb_olee\/\" target=\"_blank\" rel=\"noopener\">Instagram (externer Link)<\/a> und in den Gemeindenachrichten.<\/p>\n<hr>\n<h1 style=\"text-align: center;\">Zeit bis zur Sandh\u00e4user Kerwe 2026!<\/h1>\n<div class=\"content_countdown\" id=\"main_countedown_1\"><div class=\"countdown\">\r\n\t\t\t\t<span class=\"element_conteiner\"><span  class=\"days time_left\">176<\/span><span class=\"time_description\">Tage<\/span><\/span>\r\n\t\t\t\t<span class=\"element_conteiner\"><span  class=\"hourse time_left\">01<\/span><span class=\"time_description\">Stunden<\/span><\/span>\r\n\t\t\t\t<span class=\"element_conteiner\"><span  class=\"minutes time_left\">05<\/span><span class=\"time_description\">Min.<\/span><\/span>\r\n\t\t\t\t<span class=\"element_conteiner\"><span  class=\"secondes time_left\">16<\/span><span class=\"time_description\">Sek.<\/span><\/span>\r\n\t\t\t<\/div><\/div><script>\r\n        document.addEventListener('DOMContentLoaded', function(event) {\r\n\t\t\tsetInterval(function(){countdown_wpdevart_timer('main_countedown_1');},1000);\r\n\t\t});<\/script><style>#main_countedown_1 .countdown{text-align:center;}#main_countedown_1 .countdown{margin-top:10px;margin-bottom:10px}#main_countedown_1 .time_left{\r\nborder-radius:8px;\r\nbackground-color:#3DA8CC;\r\nfont-size:23px;\r\nfont-family:monospace;\r\ncolor:#000000;\r\n}\r\n#main_countedown_1 .time_description{\r\nfont-size:23px;\r\nfont-family:monospace;\r\ncolor:#000000;\r\n}\r\n#main_countedown_1 .element_conteiner{min-width:90px}<\/style>\n","protected":false},"excerpt":{"rendered":"<p>Fett Noi! Der Sport Club Bernstein e.V. hei\u00dft Dich in seinen digitalen vier W\u00e4nden willkommen. Wir sind ein in Sandhausen ans\u00e4ssiger Sportverein, der sich auf die F\u00f6rderung und Unterst\u00fctzung des Breitensports konzentriert. Bei allem sportlichen Ehrgeiz steht das Vereinsgef\u00fchl bei uns an erster Stelle. Neuigkeiten rund um den Verein gibt [&hellip;]<\/p>\n","protected":false},"author":1,"featured_media":0,"parent":0,"menu_order":0,"comment_status":"closed","ping_status":"closed","template":"","meta":{"footnotes":""},"class_list":["post-7","page","type-page","status-publish","hentry"],"_links":{"self":[{"href":"https:\/\/www.sc-bernstein.de\/index.php?rest_route=\/wp\/v2\/pages\/7","targetHints":{"allow":["GET"]}}],"collection":[{"href":"https:\/\/www.sc-bernstein.de\/index.php?rest_route=\/wp\/v2\/pages"}],"about":[{"href":"https:\/\/www.sc-bernstein.de\/index.php?rest_route=\/wp\/v2\/types\/page"}],"author":[{"embeddable":true,"href":"https:\/\/www.sc-bernstein.de\/index.php?rest_route=\/wp\/v2\/users\/1"}],"replies":[{"embeddable":true,"href":"https:\/\/www.sc-bernstein.de\/index.php?rest_route=%2Fwp%2Fv2%2Fcomments&post=7"}],"version-history":[{"count":47,"href":"https:\/\/www.sc-bernstein.de\/index.php?rest_route=\/wp\/v2\/pages\/7\/revisions"}],"predecessor-version":[{"id":764,"href":"https:\/\/www.sc-bernstein.de\/index.php?rest_route=\/wp\/v2\/pages\/7\/revisions\/764"}],"wp:attachment":[{"href":"https:\/\/www.sc-bernstein.de\/index.php?rest_route=%2Fwp%2Fv2%2Fmedia&parent=7"}],"curies":[{"name":"wp","href":"https:\/\/api.w.org\/{rel}","templated":true}]}}